{"id":682,"date":"2018-02-18T14:08:59","date_gmt":"2018-02-18T13:08:59","guid":{"rendered":"http:\/\/michael-wegmann.de\/PhysiotherapieWP\/?page_id=682"},"modified":"2023-04-21T11:40:19","modified_gmt":"2023-04-21T09:40:19","slug":"das-sind-unsere-leistungen","status":"publish","type":"page","link":"https:\/\/michael-wegmann.de\/Physiotherapie\/das-sind-unsere-leistungen\/","title":{"rendered":"Das sind unsere Leistungen:"},"content":{"rendered":"<div id=\"pl-682\"  class=\"panel-layout\" ><div id=\"pg-682-0\"  class=\"panel-grid panel-has-style\" ><div style=\"padding: 1px 0; \" data-overlay=\"true\" data-overlay-color=\"#000000\" class=\"panel-row-style panel-row-style-for-682-0\" ><div id=\"pgc-682-0-0\"  class=\"panel-grid-cell\" ><div id=\"panel-682-0-0-0\" class=\"so-panel widget widget_text panel-first-child panel-last-child\" data-index=\"0\" ><div style=\"text-align: left;\" data-title-color=\"#443f3f\" data-headings-color=\"#443f3f\" class=\"panel-widget-style panel-widget-style-for-682-0-0-0\" ><h3 class=\"widget-title\">Neue Preise f\u00fcr Privatpatienten<\/h3>\t\t\t<div class=\"textwidget\"><p>Neue Preise f\u00fcr Privatpatienten in unserer Physiotherapiepraxis (Privat und Beihilfe) ab 01.04.2023. Bitte erkundigen Sie sich vorab bei ihrer privaten Krankenkasse und Beihilfe was diese an Kosten \u00fcbernimmt.<\/p>\n<table width=\"787\">\n<tbody>\n<tr>\n<td width=\"575\">Manuelle Therapie (25-30 Minuten)<\/td>\n<td width=\"211\">40,00 Euro<\/td>\n<\/tr>\n<tr>\n<td width=\"575\">Fango<\/td>\n<td width=\"211\">20,00 Euro<\/td>\n<\/tr>\n<tr>\n<td width=\"575\">Hei\u00dfe Rolle<\/td>\n<td width=\"211\">18,00 Euro<\/td>\n<\/tr>\n<tr>\n<td width=\"575\">Elektrotherapie<\/td>\n<td width=\"211\">11,00 Euro<\/td>\n<\/tr>\n<tr>\n<td width=\"575\">Krankengymnastik (25-30 Minuten)<\/td>\n<td width=\"211\">35,00 Euro<\/td>\n<\/tr>\n<tr>\n<td width=\"575\">Massage (25-30 Minuten)<\/td>\n<td width=\"211\">29,00 Euro<\/td>\n<\/tr>\n<tr>\n<td width=\"575\">Kinesiotape\u00a0(+ Kosten Tape je nach Gr\u00f6\u00dfe)<\/td>\n<td width=\"211\">10,00 Euro<\/td>\n<\/tr>\n<tr>\n<td width=\"575\">Manuelle Lymphdrainage (30 Min.)<\/td>\n<td width=\"211\">35,00 Euro<\/td>\n<\/tr>\n<tr>\n<td width=\"575\">Manuelle Lymphdrainage (45 Min.)<\/td>\n<td width=\"211\">54,00 Euro<\/td>\n<\/tr>\n<tr>\n<td width=\"575\">Manuelle Lymphdrainage (60 Min.)<\/td>\n<td width=\"211\">76,00 Euro<\/td>\n<\/tr>\n<tr>\n<td width=\"575\">Krankengymnastik neurophysiologisch (Bobath, PNF)<\/td>\n<td width=\"211\">44,00 Euro<\/td>\n<\/tr>\n<tr>\n<td width=\"575\">Hausbesuch<\/td>\n<td width=\"211\">20,00 Euro<\/td>\n<\/tr>\n<tr>\n<td width=\"575\">Wegegeld je Kilometer<\/td>\n<td width=\"211\">0,36 Euro<\/td>\n<\/tr>\n<\/tbody>\n<\/table>\n<\/div>\n\t\t<\/div><\/div><\/div><\/div><\/div><div id=\"pg-682-1\"  class=\"panel-grid panel-has-style\" ><div style=\"padding: 10px 0; \" data-overlay=\"true\" data-overlay-color=\"#000000\" class=\"panel-row-style panel-row-style-for-682-1\" ><div id=\"pgc-682-1-0\"  class=\"panel-grid-cell\" ><div id=\"panel-682-1-0-0\" class=\"so-panel widget widget_sow-editor panel-first-child panel-last-child\" data-index=\"1\" ><div style=\"text-align: left;\" data-title-color=\"#443f3f\" data-headings-color=\"#443f3f\" class=\"panel-widget-style panel-widget-style-for-682-1-0-0\" ><div\n\t\t\t\n\t\t\tclass=\"so-widget-sow-editor so-widget-sow-editor-base\"\n\t\t\t\n\t\t>\n<div class=\"siteorigin-widget-tinymce textwidget\">\n\t<h4>Krankengymnastik<\/h4>\n<input type='hidden' bg_collapse_expand='69fcc7cdb542e3009090908' value='69fcc7cdb542e3009090908'><input type='hidden' id='bg-show-more-text-69fcc7cdb542e3009090908' value='Informationen'><input type='hidden' id='bg-show-less-text-69fcc7cdb542e3009090908' value='Schlie\u00dfen'><button id='bg-showmore-action-69fcc7cdb542e3009090908' class='bg-showmore-plg-button bg-orange-button bg-arrow '   style=\" color:#4a4949;\">Informationen<\/button><div id='bg-showmore-hidden-69fcc7cdb542e3009090908' ><\/p>\n<div id=\"stacks_out_300_page7\" class=\"stacks_out\">\n<div id=\"stacks_in_300_page7\" class=\"stacks_in text_stack\">Ziele der Krankengymnastik:<\/div>\n<\/div>\n<div id=\"stacks_out_308_page7\" class=\"stacks_out\">\n<div id=\"stacks_in_308_page7\" class=\"stacks_in text_stack\">\u2022 Verbesserung der Koordination, Bewegungsabl\u00e4ufe\u00a0<br \/>\u2022 Kr\u00e4ftigung der Muskeln\u00a0<br \/>\u2022 Umgang mit Hilfsmitteln: z.B. Unterarmgehst\u00fctzen, Rollator, Prothesen und Rollstuhl<\/div>\n<\/div>\n<div id=\"stacks_out_62_page7\" class=\"stacks_out\">\n<div id=\"stacks_in_62_page7\" class=\"stacks_in text_stack\">Die folgenden Techniken werden angewandt:\u00a0<\/div>\n<\/div>\n<div id=\"stacks_out_282_page7\" class=\"stacks_out\">\n<div id=\"stacks_in_282_page7\" class=\"stacks_in text_stack\">\u2022 Dehntechniken\u00a0<br \/>\u2022 Mobilisierung\/ Stabilisation\u00a0<br \/>\u2022 Gangschule\u00a0<br \/>\u2022 Muskelkr\u00e4ftigung\u00a0<br \/>\u2022 Atem\u00fcbungen\u00a0<br \/>\u2022 Passives\/ aktives Bewegen und etc.<\/div>\n<\/div>\n<p><\/div>\n<hr \/>\n<h4>Manuelle Therapie Kiefergelenk<\/h4>\n<input type='hidden' bg_collapse_expand='69fcc7cdb54a96041936161' value='69fcc7cdb54a96041936161'><input type='hidden' id='bg-show-more-text-69fcc7cdb54a96041936161' value='Informationen'><input type='hidden' id='bg-show-less-text-69fcc7cdb54a96041936161' value='Schlie\u00dfen'><button id='bg-showmore-action-69fcc7cdb54a96041936161' class='bg-showmore-plg-button bg-orange-button bg-arrow '   style=\" color:#4a4949;\">Informationen<\/button><div id='bg-showmore-hidden-69fcc7cdb54a96041936161' ><\/p>\n<div id=\"stacks_out_300_page8\" class=\"stacks_out\">\n<div id=\"stacks_in_300_page8\" class=\"stacks_in text_stack\">Das Kiefergelenk ist mechanisch von der Stellung und Beweglichkeit der<br \/>Halswirbels\u00e4ule abh\u00e4ngig. Die Kaumuskulatur ist bei Spannungskopfschmerzen<br \/>und Dysfunktionen des Kiefergelenks h\u00e4ufig schmerzhaft und verspannt.<br \/>Verschiebung des Kiefers sowie Knackger\u00e4usche bei der Mund\u00f6ffnung oder<br \/>Mundschluss sollten immer registriert werden.<\/div>\n<\/div>\n<div id=\"stacks_out_62_page8\" class=\"stacks_out\">\n<div id=\"stacks_in_62_page8\" class=\"stacks_in text_stack\">Die Ursachen f\u00fcr eine Kiefergelenkproblematik sind vielf\u00e4ltig.\u00a0<br \/>Voraussetzung f\u00fcr eine qualifizierte Behandlung ist eine genaue<br \/>Befunderhebung zu Beginn der manuellen Therapie unter Einbeziehung des<br \/>ganzen K\u00f6rpers. Einige unserer Therapeuten haben sich auf die<br \/>Kiefergelenksbehandlung spezialisiert. Die Zusammenarbeit mit Zahn\u00e4rzten,<br \/>Kieferorthop\u00e4den, Kieferchirurgen und HNO - \u00c4rzten ist von sehr gro\u00dfer<br \/>Bedeutung.<\/div>\n<\/div>\n<p><\/div>\n<hr \/>\n<h4>Schlingentisch \/ Extension<\/h4>\n<input type='hidden' bg_collapse_expand='69fcc7cdb55031069470116' value='69fcc7cdb55031069470116'><input type='hidden' id='bg-show-more-text-69fcc7cdb55031069470116' value='Informationen'><input type='hidden' id='bg-show-less-text-69fcc7cdb55031069470116' value='Schlie\u00dfen'><button id='bg-showmore-action-69fcc7cdb55031069470116' class='bg-showmore-plg-button bg-orange-button bg-arrow '   style=\" color:#4a4949;\">Informationen<\/button><div id='bg-showmore-hidden-69fcc7cdb55031069470116' ><\/p>\n<p>Bei der Schlingentischbehandlung werden Teile des K\u00f6rpers oder der ganze<br \/>K\u00f6rper in Schlingen geh\u00e4ngt. Am besten lassen sich die Wirbels\u00e4ule und die<br \/>gro\u00dfen Gelenke (H\u00fcfte, Schulter und Knie) des K\u00f6rpers im Schlingentisch<br \/>behandeln. Diese Therapieform ist sehr gut in Kombination mit der manuellen<br \/>Therapie anwendbar.<\/p>\n<p>Seine Wirkung nimmt der Schlingentisch aus dem Entlasten der aufgeh\u00e4ngten<br \/>K\u00f6rperteilen. Durch Aufhebung der Schwerkraft kann man die Gelenkke sanfter<br \/>und erfolgreich mobilisieren.<\/p>\n<p><\/div>\n<hr \/>\n<h4>Eis-\/ Cryo-\/ K\u00e4ltetherapie<\/h4>\n<input type='hidden' bg_collapse_expand='69fcc7cdb555e7061474988' value='69fcc7cdb555e7061474988'><input type='hidden' id='bg-show-more-text-69fcc7cdb555e7061474988' value='Informationen'><input type='hidden' id='bg-show-less-text-69fcc7cdb555e7061474988' value='Schlie\u00dfen'><button id='bg-showmore-action-69fcc7cdb555e7061474988' class='bg-showmore-plg-button bg-orange-button bg-arrow '   style=\" color:#4a4949;\">Informationen<\/button><div id='bg-showmore-hidden-69fcc7cdb555e7061474988' ><\/p>\n<div id=\"stacks_out_300_page12\" class=\"stacks_out\">\n<div id=\"stacks_in_300_page12\" class=\"stacks_in text_stack\">Ziele:<\/div>\n<\/div>\n<div id=\"stacks_out_397_page12\" class=\"stacks_out\">\n<div id=\"stacks_in_397_page12\" class=\"stacks_in text_stack\">\u2022 Durchblutungshemmend \/ Durchblutungsf\u00f6rdernd\u00a0<br \/>\u2022 Erh\u00f6hung \/ Senkung des Muskeltonus\u00a0<br \/>\u2022 Herabsetzen der Schmerzempfindlichkeit<\/div>\n<\/div>\n<p><\/div>\n<hr \/>\n<h4>Rotlicht \/ Hei\u00dfluft<\/h4>\n<input type='hidden' bg_collapse_expand='69fcc7cdb55b39049887949' value='69fcc7cdb55b39049887949'><input type='hidden' id='bg-show-more-text-69fcc7cdb55b39049887949' value='Informationen'><input type='hidden' id='bg-show-less-text-69fcc7cdb55b39049887949' value='Schlie\u00dfen'><button id='bg-showmore-action-69fcc7cdb55b39049887949' class='bg-showmore-plg-button bg-orange-button bg-arrow '   style=\" color:#4a4949;\">Informationen<\/button><div id='bg-showmore-hidden-69fcc7cdb55b39049887949' ><\/p>\n<div id=\"stacks_out_431_page14\" class=\"stacks_out\">\n<div id=\"stacks_in_431_page14\" class=\"stacks_in text_stack\">Ziele:<\/div>\n<\/div>\n<div id=\"stacks_out_397_page14\" class=\"stacks_out\">\n<div id=\"stacks_in_397_page14\" class=\"stacks_in text_stack\">\u2022 Schmerzlinderung\u00a0<br \/>\u2022 Allgemeine Entspannung\u00a0<br \/>\u2022 Anregung des Immunsystems\u00a0<br \/>\u2022 Tonussenkung<\/div>\n<\/div>\n<p><\/div>\n<hr \/>\n<h4>Taping \/ Kinesiotaping<\/h4>\n<input type='hidden' bg_collapse_expand='69fcc7cdb56071082957195' value='69fcc7cdb56071082957195'><input type='hidden' id='bg-show-more-text-69fcc7cdb56071082957195' value='Informationen'><input type='hidden' id='bg-show-less-text-69fcc7cdb56071082957195' value='Schlie\u00dfen'><button id='bg-showmore-action-69fcc7cdb56071082957195' class='bg-showmore-plg-button bg-orange-button bg-arrow '   style=\" color:#4a4949;\">Informationen<\/button><div id='bg-showmore-hidden-69fcc7cdb56071082957195' ><\/p>\n<div id=\"stacks_out_468_page16\" class=\"stacks_out\">\n<div id=\"stacks_in_468_page16\" class=\"stacks_in text_stack\">Anwendungsgebiete:<\/div>\n<\/div>\n<div id=\"stacks_out_397_page16\" class=\"stacks_out\">\n<div id=\"stacks_in_397_page16\" class=\"stacks_in text_stack\">\u2022 Reduzierung von Schmerzen und Schwellungen\u00a0<br \/>\u2022 w\u00e4hrend der Rehabilitationsphase fr\u00fcherer Einstieg in das Training\u00a0<br \/>\u2022 in der Pr\u00e4vention von Sportveletzungen verringern Verb\u00e4nde das Verletzungsrisiko<\/div>\n<\/div>\n<p><\/div>\n<\/div>\n<\/div><\/div><\/div><\/div><div id=\"pgc-682-1-1\"  class=\"panel-grid-cell\" ><div id=\"panel-682-1-1-0\" class=\"so-panel widget widget_sow-editor panel-first-child panel-last-child\" data-index=\"2\" ><div style=\"text-align: left;\" data-title-color=\"#443f3f\" data-headings-color=\"#443f3f\" class=\"panel-widget-style panel-widget-style-for-682-1-1-0\" ><div\n\t\t\t\n\t\t\tclass=\"so-widget-sow-editor so-widget-sow-editor-base\"\n\t\t\t\n\t\t>\n<div class=\"siteorigin-widget-tinymce textwidget\">\n\t<h4>Manuelle Therapie<\/h4>\n<input type='hidden' bg_collapse_expand='69fcc7cdb5d142062472348' value='69fcc7cdb5d142062472348'><input type='hidden' id='bg-show-more-text-69fcc7cdb5d142062472348' value='Informationen'><input type='hidden' id='bg-show-less-text-69fcc7cdb5d142062472348' value='Schlie\u00dfen'><button id='bg-showmore-action-69fcc7cdb5d142062472348' class='bg-showmore-plg-button bg-orange-button bg-arrow '   style=\" color:#4a4949;\">Informationen<\/button><div id='bg-showmore-hidden-69fcc7cdb5d142062472348' ><\/p>\n<div id=\"stacks_out_300_page4\" class=\"stacks_out\">\n<div id=\"stacks_in_300_page4\" class=\"stacks_in text_stack\">In der manuellen Therapie beurteilen die Therapeuten und Therapeutinnen alle<br \/>an einer Erkrankung beteiligten Gelenke, Muskeln und Nerven. Sie beinhaltet<br \/>anfangs ein Sichtbefund zur Beurteilung von Statik und Haltung.<\/p>\n<\/div>\n<\/div>\n<div id=\"stacks_out_62_page4\" class=\"stacks_out\">\n<div id=\"stacks_in_62_page4\" class=\"stacks_in text_stack\">In der Behandlung will die manuelle Therapie:<\/div>\n<\/div>\n<div id=\"stacks_out_308_page4\" class=\"stacks_out\">\n<div id=\"stacks_in_308_page4\" class=\"stacks_in text_stack\">\u2022 Schmerzen lindern\u00a0<br \/>\u2022 das physiologische Zusammenspiel zwischen Gelenken, Muskeln und neuralen Strukturen wiederherstellen<\/div>\n<\/div>\n<div id=\"stacks_out_337_page4\" class=\"stacks_out\">\n<div id=\"stacks_in_337_page4\" class=\"stacks_in text_stack\">Dazu werden bewegungseingeschr\u00e4nkte Gelenke mobilisiert und instabile<br \/>Gelenke durch gezielte Kr\u00e4ftigung stabilisiert.<\/div>\n<\/div>\n<p><\/div>\n<hr \/>\n<h4>Manuelle Lymphdrainage<\/h4>\n<input type='hidden' bg_collapse_expand='69fcc7cdb5d8a2071921692' value='69fcc7cdb5d8a2071921692'><input type='hidden' id='bg-show-more-text-69fcc7cdb5d8a2071921692' value='Informationen'><input type='hidden' id='bg-show-less-text-69fcc7cdb5d8a2071921692' value='Schlie\u00dfen'><button id='bg-showmore-action-69fcc7cdb5d8a2071921692' class='bg-showmore-plg-button bg-orange-button bg-arrow '   style=\" color:#4a4949;\">Informationen<\/button><div id='bg-showmore-hidden-69fcc7cdb5d8a2071921692' ><\/p>\n<p>MLD ist eine Mechanotherapie, die mit den H\u00e4nden sanft, langsam, rhythmisch<br \/>und kreisf\u00f6rmig ausgef\u00fchrt wird. Je nach Beschwerden werden Arme, Beine, der<br \/>Kopf, der Bauch und \/ oder Wirbels\u00e4ulenabschnitte behandelt. Die MLD wird<br \/>eingesetzt, um den Abfluss von Fl\u00fcssigkeit \u00fcber das Lymph- und<br \/>Venengef\u00e4\u00dfsystem sowie die Gewebsspalten zu verbessern. Dadurch werden \u00d6deme<br \/>und Schwellungen abgebaut sowie Schmerzen gelindert.<\/p>\n<p><\/div>\n<hr \/>\n<h4>Klassische Massagetherapie (KMT)<\/h4>\n<input type='hidden' bg_collapse_expand='69fcc7cdb5de46046601456' value='69fcc7cdb5de46046601456'><input type='hidden' id='bg-show-more-text-69fcc7cdb5de46046601456' value='Informationen'><input type='hidden' id='bg-show-less-text-69fcc7cdb5de46046601456' value='Schlie\u00dfen'><button id='bg-showmore-action-69fcc7cdb5de46046601456' class='bg-showmore-plg-button bg-orange-button bg-arrow '   style=\" color:#4a4949;\">Informationen<\/button><div id='bg-showmore-hidden-69fcc7cdb5de46046601456' ><\/p>\n<div id=\"stacks_out_300_page11\" class=\"stacks_out\">\n<div id=\"stacks_in_300_page11\" class=\"stacks_in text_stack\">Die angestrebten Wirkungen einer klassischen Massagetherapie:<\/div>\n<\/div>\n<div id=\"stacks_out_397_page11\" class=\"stacks_out\">\n<div id=\"stacks_in_397_page11\" class=\"stacks_in text_stack\">\u2022 k\u00f6rperliche Entspannung, Aufl\u00f6sung muskul\u00e4rer Verspannungen\u00a0<br \/>\u2022 Linderung von k\u00f6rperlichen Beschwerden beispielsweise Spannungskopfschmerzen\u00a0<br \/>\u2022 K\u00f6rperliche Erholung und Regeneration\u00a0<br \/>\u2022 Aufl\u00f6sung von Blockaden\u00a0<br \/>\u2022 Belebung der k\u00f6rperlichen, geistigen und seelischen F\u00e4higkeiten\u00a0<br \/>\u2022 Aktivierung des Energieflusses im K\u00f6rper\u00a0<br \/>\u2022 Durchblutungsverbesserung der Haut\u00a0<br \/>\u2022 Ganzheitliche Heilung wird in die Wege geleitet<\/div>\n<\/div>\n<p><\/div>\n<hr \/>\n<h4>Naturmoorpackungen (Fango)<\/h4>\n<input type='hidden' bg_collapse_expand='69fcc7cdb5e3b2024193490' value='69fcc7cdb5e3b2024193490'><input type='hidden' id='bg-show-more-text-69fcc7cdb5e3b2024193490' value='Informationen'><input type='hidden' id='bg-show-less-text-69fcc7cdb5e3b2024193490' value='Schlie\u00dfen'><button id='bg-showmore-action-69fcc7cdb5e3b2024193490' class='bg-showmore-plg-button bg-orange-button bg-arrow '   style=\" color:#4a4949;\">Informationen<\/button><div id='bg-showmore-hidden-69fcc7cdb5e3b2024193490' ><\/p>\n<div id=\"stacks_out_300_page13\" class=\"stacks_out\">\n<div id=\"stacks_in_300_page13\" class=\"stacks_in text_stack\">Bei uns kommen zum Einsatz die hygienischen Einmalpackungen mit ansteigender W\u00e4rme: innerhalb von wenigen Minuten steigt die Temperatur des Moors auf 45 \u2013 50\u00b0.<\/div>\n<\/div>\n<div id=\"stacks_out_431_page13\" class=\"stacks_out\">\n<div id=\"stacks_in_431_page13\" class=\"stacks_in text_stack\">Ziele:<\/div>\n<\/div>\n<div id=\"stacks_out_397_page13\" class=\"stacks_out\">\n<div id=\"stacks_in_397_page13\" class=\"stacks_in text_stack\">\u2022 Allgemeine Entspannung\u00a0<br \/>\u2022 Schmerzlinderung\u00a0<br \/>\u2022 Anregung des Immunsystems\u00a0<br \/>\u2022 Entkrampfung\u00a0<br \/>\u2022 Tonussenkung<\/div>\n<\/div>\n<p><\/div>\n<hr \/>\n<h4>Elektrotherapie<\/h4>\n<input type='hidden' bg_collapse_expand='69fcc7cdb5e906044358642' value='69fcc7cdb5e906044358642'><input type='hidden' id='bg-show-more-text-69fcc7cdb5e906044358642' value='Informationen'><input type='hidden' id='bg-show-less-text-69fcc7cdb5e906044358642' value='Schlie\u00dfen'><button id='bg-showmore-action-69fcc7cdb5e906044358642' class='bg-showmore-plg-button bg-orange-button bg-arrow '   style=\" color:#4a4949;\">Informationen<\/button><div id='bg-showmore-hidden-69fcc7cdb5e906044358642' ><\/p>\n<div id=\"stacks_out_431_page15\" class=\"stacks_out\">\n<div id=\"stacks_in_431_page15\" class=\"stacks_in text_stack\">Elektrotherapie ist ein Teil der Physiotherapie, bei der niederfrequente Stromformen zur Schmerzlinderung eingesetzt werden. Haupts\u00e4chliche Anwendungsgebiete sind alle akuten und chronischen Schmerzzust\u00e4nde bei chronisch degenerativen Erkrankungen des Bewegungsapparates und chronischen Entz\u00fcndungsprozessen.<\/div>\n<\/div>\n<div id=\"stacks_out_468_page15\" class=\"stacks_out\">\n<div id=\"stacks_in_468_page15\" class=\"stacks_in text_stack\">Elektrotherapie kann helfen bei:<\/div>\n<\/div>\n<div id=\"stacks_out_397_page15\" class=\"stacks_out\">\n<div id=\"stacks_in_397_page15\" class=\"stacks_in text_stack\">\u2022 Muskelschw\u00e4che\u00a0<br \/>\u2022 Fussheberschw\u00e4che\u00a0<br \/>\u2022 Bandscheibenvorfall\u00a0<br \/>\u2022 Tennisarm\u00a0<br \/>\u2022 Arthrosen\u00a0<br \/>\u2022 Verbesserung der Durchblutung und des Stoffwechsels<\/div>\n<\/div>\n<p><\/div>\n<hr \/>\n<h4>Hausbesuche<\/h4>\n<input type='hidden' bg_collapse_expand='69fcc7cdb5ee49002611870' value='69fcc7cdb5ee49002611870'><input type='hidden' id='bg-show-more-text-69fcc7cdb5ee49002611870' value='Informationen'><input type='hidden' id='bg-show-less-text-69fcc7cdb5ee49002611870' value='Schlie\u00dfen'><button id='bg-showmore-action-69fcc7cdb5ee49002611870' class='bg-showmore-plg-button bg-orange-button bg-arrow '   style=\" color:#4a4949;\">Informationen<\/button><div id='bg-showmore-hidden-69fcc7cdb5ee49002611870' ><\/p>\n<div id=\"stacks_out_505_page17\" class=\"stacks_out\">\n<div id=\"stacks_in_505_page17\" class=\"stacks_in text_stack\">Hausbesuche werden von Ihrem Arzt mit einer anderen physiotherapeutischen<br \/>Ma\u00dfnahme verordnet sobald eine Behandlung in der Praxis nicht m\u00f6glich ist<br \/>(z.B. bei bettl\u00e4grigen Patienten oder nach Operationen mit<br \/>Mobilit\u00e4tseinschr\u00e4nkung).<\/div>\n<\/div>\n<div id=\"stacks_out_397_page17\" class=\"stacks_out\">\n<div id=\"stacks_in_397_page17\" class=\"stacks_in text_stack\">Die Leistung \"Hausbesuch\" ist ebenfalls eine Kassenleistung.<\/div>\n<\/div>\n<div id=\"stacks_out_468_page17\" class=\"stacks_out\">\n<div id=\"stacks_in_468_page17\" class=\"stacks_in text_stack\">Nach vorheriger Terminabsprache kommen wir zu Ihnen nach Hause.<\/div>\n<\/div>\n<p><\/div>\n<\/div>\n<\/div><\/div><\/div><\/div><\/div><\/div><\/div>","protected":false},"excerpt":{"rendered":"<p>Neue Preise f\u00fcr Privatpatienten in unserer Physiotherapiepraxis (Privat und Beihilfe) ab 01.04.2023. Bitte erkundigen Sie sich vorab bei ihrer privaten Krankenkasse und [&hellip;]<\/p>\n","protected":false},"author":1,"featured_media":0,"parent":0,"menu_order":0,"comment_status":"closed","ping_status":"closed","template":"page-templates\/page_fullwidth.php","meta":[],"_links":{"self":[{"href":"https:\/\/michael-wegmann.de\/Physiotherapie\/wp-json\/wp\/v2\/pages\/682"}],"collection":[{"href":"https:\/\/michael-wegmann.de\/Physiotherapie\/wp-json\/wp\/v2\/pages"}],"about":[{"href":"https:\/\/michael-wegmann.de\/Physiotherapie\/wp-json\/wp\/v2\/types\/page"}],"author":[{"embeddable":true,"href":"https:\/\/michael-wegmann.de\/Physiotherapie\/wp-json\/wp\/v2\/users\/1"}],"replies":[{"embeddable":true,"href":"https:\/\/michael-wegmann.de\/Physiotherapie\/wp-json\/wp\/v2\/comments?post=682"}],"version-history":[{"count":25,"href":"https:\/\/michael-wegmann.de\/Physiotherapie\/wp-json\/wp\/v2\/pages\/682\/revisions"}],"predecessor-version":[{"id":1012,"href":"https:\/\/michael-wegmann.de\/Physiotherapie\/wp-json\/wp\/v2\/pages\/682\/revisions\/1012"}],"wp:attachment":[{"href":"https:\/\/michael-wegmann.de\/Physiotherapie\/wp-json\/wp\/v2\/media?parent=682"}],"curies":[{"name":"wp","href":"https:\/\/api.w.org\/{rel}","templated":true}]}}