{"id":619,"date":"2018-02-18T12:01:39","date_gmt":"2018-02-18T11:01:39","guid":{"rendered":"http:\/\/michael-wegmann.de\/PhysiotherapieWP\/?page_id=619"},"modified":"2024-03-10T16:11:49","modified_gmt":"2024-03-10T15:11:49","slug":"das-sind-wir","status":"publish","type":"page","link":"https:\/\/michael-wegmann.de\/Physiotherapie\/das-sind-wir\/","title":{"rendered":"Das sind Wir"},"content":{"rendered":"<div id=\"pl-619\"  class=\"panel-layout\" ><div id=\"pg-619-0\"  class=\"panel-grid panel-has-style\" ><div style=\"padding: 1px 0; \" data-overlay=\"true\" data-overlay-color=\"#000000\" class=\"panel-row-style panel-row-style-for-619-0\" ><div id=\"pgc-619-0-0\"  class=\"panel-grid-cell\" ><div id=\"panel-619-0-0-0\" class=\"so-panel widget widget_media_image panel-first-child panel-last-child\" data-index=\"0\" ><div style=\"text-align: center;\" data-title-color=\"#443f3f\" data-headings-color=\"#443f3f\" class=\"panel-widget-style panel-widget-style-for-619-0-0-0\" ><img width=\"375\" height=\"375\" src=\"https:\/\/michael-wegmann.de\/Physiotherapie\/wp-content\/uploads\/2022\/11\/Michael-Wegmann.png\" class=\"image wp-image-959  attachment-full size-full\" alt=\"\" decoding=\"async\" loading=\"lazy\" style=\"max-width: 100%; height: auto;\" srcset=\"https:\/\/michael-wegmann.de\/Physiotherapie\/wp-content\/uploads\/2022\/11\/Michael-Wegmann.png 375w, https:\/\/michael-wegmann.de\/Physiotherapie\/wp-content\/uploads\/2022\/11\/Michael-Wegmann-300x300.png 300w, https:\/\/michael-wegmann.de\/Physiotherapie\/wp-content\/uploads\/2022\/11\/Michael-Wegmann-150x150.png 150w, https:\/\/michael-wegmann.de\/Physiotherapie\/wp-content\/uploads\/2022\/11\/Michael-Wegmann-230x230.png 230w, https:\/\/michael-wegmann.de\/Physiotherapie\/wp-content\/uploads\/2022\/11\/Michael-Wegmann-350x350.png 350w\" sizes=\"(max-width: 375px) 100vw, 375px\" \/><\/div><\/div><\/div><\/div><\/div><div id=\"pg-619-1\"  class=\"panel-grid panel-has-style\" ><div style=\"border-bottom: 1px solid #8e8e8e;padding: 20px 0; \" data-overlay=\"true\" data-overlay-color=\"#000000\" class=\"panel-row-style panel-row-style-for-619-1\" ><div id=\"pgc-619-1-0\"  class=\"panel-grid-cell\" ><div id=\"panel-619-1-0-0\" class=\"so-panel widget widget_text panel-first-child panel-last-child\" data-index=\"1\" ><div style=\"text-align: left;\" data-title-color=\"#443f3f\" data-headings-color=\"#443f3f\" class=\"panel-widget-style panel-widget-style-for-619-1-0-0\" ><h3 class=\"widget-title\">MICHAEL WEGMANN<\/h3>\t\t\t<div class=\"textwidget\"><p>Geboren 12.10.1987 in W\u00fcrzburg<br \/>\nJuni 2006 Fachabitur in Kitzingen (Sozialwesen)<br \/>\nSeptember 2006- Juni 2007 Zivildienst am K\u00f6rper- und Geistig Behinderten Zentrum Heuchelhof, W\u00fcrzburg<br \/>\nSeptember 2007- Juli 2010 Ausbildung zum Physiotherapeuten an der Universit\u00e4tsklinik W\u00fcrzburg<br \/>\nJuli 2010 staatlich gepr\u00fcfter Physiotherapeut<br \/>\nAnschlie\u00dfend Heilpraktikerausbildung an Rolf Schneider Seminare Kitzingen<br \/>\n2012 Pr\u00fcfungsvorbereitung bei Katy Papadopoulos- Schmitt f\u00fcr die Pr\u00fcfung zum HP<br \/>\nM\u00e4rz 2013 staatlich gepr\u00fcfter Heilpraktiker und in eigener Praxis t\u00e4tig<\/p>\n<\/div>\n\t\t<\/div><\/div><\/div><div id=\"pgc-619-1-1\"  class=\"panel-grid-cell\" ><div id=\"panel-619-1-1-0\" class=\"so-panel widget widget_text panel-first-child panel-last-child\" data-index=\"2\" ><div style=\"text-align: left;\" data-title-color=\"#443f3f\" data-headings-color=\"#443f3f\" class=\"panel-widget-style panel-widget-style-for-619-1-1-0\" ><h3 class=\"widget-title\">Fachliche Qualifikationen<\/h3>\t\t\t<div class=\"textwidget\"><p>OEK (osteopathisch energetisches Konzept) bei Gudrun Bruhn und Josef Biegus<br \/>\nin Heyen bei Hannover<br \/>\nManuelle Therapie bei Anton Kollmannthaler in W\u00fcrzburg<br \/>\nManuelle Lymphdrainage in Schweinfurt (F\u00f6ldischule)<br \/>\nMyofasziale \u201crelease\u201d Weichteiltechniken bei Eugen Rasev in Schweinfurt<br \/>\nKinesiotaping in W\u00fcrzburg<br \/>\nNordic Walking Basic Instructor in Stuttgart<br \/>\nAqua Trainer Basic in Erfurt<br \/>\nKGG (Krankengymnastik am Ger\u00e4t) bei Volker Sutor in Frankfurt<br \/>\n5 j\u00e4hrige Ausbildung zum Osteopath an der OSD<\/p>\n<\/div>\n\t\t<\/div><\/div><\/div><\/div><\/div><div id=\"pg-619-2\"  class=\"panel-grid panel-has-style\" ><div style=\"border-bottom: 1px solid #8e8e8e;padding: 50px 0; \" data-overlay=\"true\" data-overlay-color=\"#000000\" class=\"panel-row-style panel-row-style-for-619-2\" ><div id=\"pgc-619-2-0\"  class=\"panel-grid-cell\" ><div id=\"panel-619-2-0-0\" class=\"so-panel widget widget_media_image panel-first-child panel-last-child\" data-index=\"3\" ><div style=\"text-align: left;\" data-title-color=\"#443f3f\" data-headings-color=\"#443f3f\" class=\"panel-widget-style panel-widget-style-for-619-2-0-0\" ><img width=\"375\" height=\"375\" src=\"https:\/\/michael-wegmann.de\/Physiotherapie\/wp-content\/uploads\/2022\/11\/Franziska-Weisemann.png\" class=\"image wp-image-958  attachment-full size-full\" alt=\"\" decoding=\"async\" loading=\"lazy\" style=\"max-width: 100%; height: auto;\" srcset=\"https:\/\/michael-wegmann.de\/Physiotherapie\/wp-content\/uploads\/2022\/11\/Franziska-Weisemann.png 375w, https:\/\/michael-wegmann.de\/Physiotherapie\/wp-content\/uploads\/2022\/11\/Franziska-Weisemann-300x300.png 300w, https:\/\/michael-wegmann.de\/Physiotherapie\/wp-content\/uploads\/2022\/11\/Franziska-Weisemann-150x150.png 150w, https:\/\/michael-wegmann.de\/Physiotherapie\/wp-content\/uploads\/2022\/11\/Franziska-Weisemann-230x230.png 230w, https:\/\/michael-wegmann.de\/Physiotherapie\/wp-content\/uploads\/2022\/11\/Franziska-Weisemann-350x350.png 350w\" sizes=\"(max-width: 375px) 100vw, 375px\" \/><\/div><\/div><\/div><div id=\"pgc-619-2-1\"  class=\"panel-grid-cell panel-grid-cell-mobile-last\" ><div id=\"panel-619-2-1-0\" class=\"so-panel widget widget_text panel-first-child panel-last-child\" data-index=\"4\" ><div style=\"text-align: left;\" data-title-color=\"#443f3f\" data-headings-color=\"#443f3f\" class=\"panel-widget-style panel-widget-style-for-619-2-1-0\" ><h3 class=\"widget-title\">FRANZISKA WEISEMANN<\/h3>\t\t\t<div class=\"textwidget\"><p>Manuelle Therapie<br \/>\nManuelle Lymphdrainage<br \/>\nKinesiotape<br \/>\nAtlastherapie<br \/>\nSlackline in der Physiotherapie<br \/>\nViszerale Techniken<br \/>\nBeckenbodentherapeutin (Physio Pelvica Basis 1 &amp;2)<br \/>\nFBA<br \/>\nYogalehrerin Zusatz: Schwangeren- und R\u00fcckbildungsyogalehrerin<\/p>\n<\/div>\n\t\t<\/div><\/div><\/div><div id=\"pgc-619-2-2\"  class=\"panel-grid-cell panel-grid-cell-empty\" ><\/div><\/div><\/div><div id=\"pg-619-3\"  class=\"panel-grid panel-has-style\" ><div style=\"border-bottom: 1px solid #8e8e8e;padding: 50px 0; \" data-overlay=\"true\" data-overlay-color=\"#000000\" class=\"panel-row-style panel-row-style-for-619-3\" ><div id=\"pgc-619-3-0\"  class=\"panel-grid-cell\" ><div id=\"panel-619-3-0-0\" class=\"so-panel widget widget_media_image panel-first-child panel-last-child\" data-index=\"5\" ><div style=\"text-align: left;\" data-title-color=\"#443f3f\" data-headings-color=\"#443f3f\" class=\"panel-widget-style panel-widget-style-for-619-3-0-0\" ><img width=\"375\" height=\"375\" src=\"https:\/\/michael-wegmann.de\/Physiotherapie\/wp-content\/uploads\/2023\/01\/Martin-Muschler.png\" class=\"image wp-image-1002  attachment-full size-full\" alt=\"\" decoding=\"async\" loading=\"lazy\" style=\"max-width: 100%; height: auto;\" srcset=\"https:\/\/michael-wegmann.de\/Physiotherapie\/wp-content\/uploads\/2023\/01\/Martin-Muschler.png 375w, https:\/\/michael-wegmann.de\/Physiotherapie\/wp-content\/uploads\/2023\/01\/Martin-Muschler-300x300.png 300w, https:\/\/michael-wegmann.de\/Physiotherapie\/wp-content\/uploads\/2023\/01\/Martin-Muschler-150x150.png 150w, https:\/\/michael-wegmann.de\/Physiotherapie\/wp-content\/uploads\/2023\/01\/Martin-Muschler-230x230.png 230w, https:\/\/michael-wegmann.de\/Physiotherapie\/wp-content\/uploads\/2023\/01\/Martin-Muschler-350x350.png 350w\" sizes=\"(max-width: 375px) 100vw, 375px\" \/><\/div><\/div><\/div><div id=\"pgc-619-3-1\"  class=\"panel-grid-cell panel-grid-cell-mobile-last\" ><div id=\"panel-619-3-1-0\" class=\"so-panel widget widget_text panel-first-child panel-last-child\" data-index=\"6\" ><div style=\"text-align: left;\" data-title-color=\"#443f3f\" data-headings-color=\"#443f3f\" class=\"panel-widget-style panel-widget-style-for-619-3-1-0\" ><h3 class=\"widget-title\">MARTIN MUSCHLER<\/h3>\t\t\t<div class=\"textwidget\"><p>Physiotherapeut<br \/>\nManuelle Lymphdrainage<br \/>\nManuelle Therapie<br \/>\nCMD (Craniomandibul\u00e4re Dysfunktion)<br \/>\nKinesiotaping<\/p>\n<p>Heilpraktiker<br \/>\nOsteopath D.O.<\/p>\n<\/div>\n\t\t<\/div><\/div><\/div><div id=\"pgc-619-3-2\"  class=\"panel-grid-cell panel-grid-cell-empty\" ><\/div><\/div><\/div><div id=\"pg-619-4\"  class=\"panel-grid panel-has-style\" ><div style=\"border-bottom: 1px solid #8e8e8e;padding: 50px 0; \" data-overlay=\"true\" data-overlay-color=\"#000000\" class=\"panel-row-style panel-row-style-for-619-4\" ><div id=\"pgc-619-4-0\"  class=\"panel-grid-cell\" ><div id=\"panel-619-4-0-0\" class=\"so-panel widget widget_media_image panel-first-child panel-last-child\" data-index=\"7\" ><div style=\"text-align: left;\" data-title-color=\"#443f3f\" data-headings-color=\"#443f3f\" class=\"panel-widget-style panel-widget-style-for-619-4-0-0\" ><img width=\"375\" height=\"375\" src=\"https:\/\/michael-wegmann.de\/Physiotherapie\/wp-content\/uploads\/2024\/01\/Christian-Haederer.png\" class=\"image wp-image-1029  attachment-full size-full\" alt=\"\" decoding=\"async\" loading=\"lazy\" style=\"max-width: 100%; height: auto;\" srcset=\"https:\/\/michael-wegmann.de\/Physiotherapie\/wp-content\/uploads\/2024\/01\/Christian-Haederer.png 375w, https:\/\/michael-wegmann.de\/Physiotherapie\/wp-content\/uploads\/2024\/01\/Christian-Haederer-300x300.png 300w, https:\/\/michael-wegmann.de\/Physiotherapie\/wp-content\/uploads\/2024\/01\/Christian-Haederer-150x150.png 150w, https:\/\/michael-wegmann.de\/Physiotherapie\/wp-content\/uploads\/2024\/01\/Christian-Haederer-230x230.png 230w, https:\/\/michael-wegmann.de\/Physiotherapie\/wp-content\/uploads\/2024\/01\/Christian-Haederer-350x350.png 350w\" sizes=\"(max-width: 375px) 100vw, 375px\" \/><\/div><\/div><\/div><div id=\"pgc-619-4-1\"  class=\"panel-grid-cell panel-grid-cell-mobile-last\" ><div id=\"panel-619-4-1-0\" class=\"so-panel widget widget_text panel-first-child panel-last-child\" data-index=\"8\" ><div style=\"text-align: left;\" data-title-color=\"#443f3f\" data-headings-color=\"#443f3f\" class=\"panel-widget-style panel-widget-style-for-619-4-1-0\" ><h3 class=\"widget-title\">CHRISTIAN H\u00c4DERER<\/h3>\t\t\t<div class=\"textwidget\"><p>Physiotherapeut<br \/>\nManuelle Therapie<br \/>\nManuelle Lymphdrainage<br \/>\nCMD<br \/>\nViszerale Techniken<br \/>\nCraniosakrale Techniken<br \/>\nKinesiotaping<br \/>\nPrototherapie<br \/>\nSensomotorische Schuheinlagen<\/p>\n<p>Sektoraler Heilpraktiker Physiotherapie<\/p>\n<\/div>\n\t\t<\/div><\/div><\/div><div id=\"pgc-619-4-2\"  class=\"panel-grid-cell panel-grid-cell-empty\" ><\/div><\/div><\/div><div id=\"pg-619-5\"  class=\"panel-grid panel-has-style\" ><div style=\"border-bottom: 1px solid #8e8e8e;padding: 50px 0; \" data-overlay=\"true\" data-overlay-color=\"#000000\" class=\"panel-row-style panel-row-style-for-619-5\" ><div id=\"pgc-619-5-0\"  class=\"panel-grid-cell\" ><div id=\"panel-619-5-0-0\" class=\"so-panel widget widget_media_image panel-first-child panel-last-child\" data-index=\"9\" ><div style=\"text-align: left;\" data-title-color=\"#443f3f\" data-headings-color=\"#443f3f\" class=\"panel-widget-style panel-widget-style-for-619-5-0-0\" ><img width=\"375\" height=\"375\" src=\"https:\/\/michael-wegmann.de\/Physiotherapie\/wp-content\/uploads\/2024\/03\/Jeannette-Stegmann.png\" class=\"image wp-image-1045  attachment-full size-full\" alt=\"\" decoding=\"async\" loading=\"lazy\" style=\"max-width: 100%; height: auto;\" srcset=\"https:\/\/michael-wegmann.de\/Physiotherapie\/wp-content\/uploads\/2024\/03\/Jeannette-Stegmann.png 375w, https:\/\/michael-wegmann.de\/Physiotherapie\/wp-content\/uploads\/2024\/03\/Jeannette-Stegmann-300x300.png 300w, https:\/\/michael-wegmann.de\/Physiotherapie\/wp-content\/uploads\/2024\/03\/Jeannette-Stegmann-150x150.png 150w, https:\/\/michael-wegmann.de\/Physiotherapie\/wp-content\/uploads\/2024\/03\/Jeannette-Stegmann-230x230.png 230w, https:\/\/michael-wegmann.de\/Physiotherapie\/wp-content\/uploads\/2024\/03\/Jeannette-Stegmann-350x350.png 350w\" sizes=\"(max-width: 375px) 100vw, 375px\" \/><\/div><\/div><\/div><div id=\"pgc-619-5-1\"  class=\"panel-grid-cell panel-grid-cell-mobile-last\" ><div id=\"panel-619-5-1-0\" class=\"so-panel widget widget_text panel-first-child panel-last-child\" data-index=\"10\" ><div style=\"text-align: left;\" data-title-color=\"#443f3f\" data-headings-color=\"#443f3f\" class=\"panel-widget-style panel-widget-style-for-619-5-1-0\" ><h3 class=\"widget-title\">JEANNETTE STEGMANN<\/h3>\t\t\t<div class=\"textwidget\"><div>Physiotherapeutin<\/div>\n<div>Manuelle Therapie<\/div>\n<div>Manuelle Lymphdrainage<\/div>\n<div>CMD<\/div>\n<div>Bobath Konzept<\/div>\n<div>Voijta Methode<\/div>\n<div>Sportphysiotherapeutin<\/div>\n<div>Kinesiologie<\/div>\n<div><\/div>\n<div>Sektorale Heilpraktikerin f\u00fcr Physiotherapie<\/div>\n<\/div>\n\t\t<\/div><\/div><\/div><div id=\"pgc-619-5-2\"  class=\"panel-grid-cell panel-grid-cell-empty\" ><\/div><\/div><\/div><\/div>","protected":false},"excerpt":{"rendered":"<p>Geboren 12.10.1987 in W\u00fcrzburg Juni 2006 Fachabitur in Kitzingen (Sozialwesen) September 2006- Juni 2007 Zivildienst am K\u00f6rper- und Geistig Behinderten Zentrum Heuchelhof, [&hellip;]<\/p>\n","protected":false},"author":1,"featured_media":0,"parent":0,"menu_order":0,"comment_status":"closed","ping_status":"closed","template":"page-templates\/page_fullwidth.php","meta":[],"_links":{"self":[{"href":"https:\/\/michael-wegmann.de\/Physiotherapie\/wp-json\/wp\/v2\/pages\/619"}],"collection":[{"href":"https:\/\/michael-wegmann.de\/Physiotherapie\/wp-json\/wp\/v2\/pages"}],"about":[{"href":"https:\/\/michael-wegmann.de\/Physiotherapie\/wp-json\/wp\/v2\/types\/page"}],"author":[{"embeddable":true,"href":"https:\/\/michael-wegmann.de\/Physiotherapie\/wp-json\/wp\/v2\/users\/1"}],"replies":[{"embeddable":true,"href":"https:\/\/michael-wegmann.de\/Physiotherapie\/wp-json\/wp\/v2\/comments?post=619"}],"version-history":[{"count":104,"href":"https:\/\/michael-wegmann.de\/Physiotherapie\/wp-json\/wp\/v2\/pages\/619\/revisions"}],"predecessor-version":[{"id":1047,"href":"https:\/\/michael-wegmann.de\/Physiotherapie\/wp-json\/wp\/v2\/pages\/619\/revisions\/1047"}],"wp:attachment":[{"href":"https:\/\/michael-wegmann.de\/Physiotherapie\/wp-json\/wp\/v2\/media?parent=619"}],"curies":[{"name":"wp","href":"https:\/\/api.w.org\/{rel}","templated":true}]}}